{"id":32,"date":"2022-05-22T08:32:44","date_gmt":"2022-05-22T06:32:44","guid":{"rendered":"https:\/\/www.spaghettihacker.it\/?page_id=32"},"modified":"2022-05-22T15:53:25","modified_gmt":"2022-05-22T13:53:25","slug":"spaghetti-media","status":"publish","type":"page","link":"https:\/\/www.spaghettihacker.it\/?page_id=32","title":{"rendered":"Spaghetti Media"},"content":{"rendered":"\n<div class=\"wp-block-image\"><figure class=\"alignright size-full\"><a href=\"https:\/\/www.amazon.it\/Spaghetti-hacker-Stefano-Chiccarelli\/dp\/8889479140\/ref=sr_1_1?__mk_it_IT=%C3%85M%C3%85%C5%BD%C3%95%C3%91&amp;crid=28ARDA7JY4BVQ&amp;keywords=spaghetti+hacker&amp;qid=1653200213&amp;sprefix=spaghetti+hacker%2Caps%2C92&amp;sr=8-1\"><img loading=\"lazy\" decoding=\"async\" width=\"300\" height=\"430\" src=\"https:\/\/www.spaghettihacker.it\/wp-content\/uploads\/2022\/05\/spcover600-3-e1653196776480.jpg\" alt=\"\" class=\"wp-image-9\"\/><\/a><\/figure><\/div>\n\n\n\n<div class=\"wp-block-group is-layout-flow wp-block-group-is-layout-flow\">\n<p>Questa pagina raccoglie gli articoli che hanno parlato del libro o de<em>i suoi autori e i commenti &#8211; anche quelli pi\u00f9 critici &#8211; dei lettori. <\/em><\/p>\n\n\n\n<p><em>I pezzi non sono stati sollecitati, ma sono il frutto della genuina curiosit\u00e0 che Spaghetti Hacker ha suscitato nel mondo dell&#8217;informazione<\/em>.<\/p>\n\n\n\n<p>I commenti sono la manifestazione pi\u00f9 spontanea dei sentimenti di od<em>io\/amore suscitati dalla lettura di questo libro e dai ricordi che, ancora oggi, evoca in moltissime persone.<\/em><\/p>\n\n\n\n<p class=\"has-x-large-font-size\"><strong>Quotidiani e periodici<\/strong><\/p>\n<\/div>\n\n\n\n<p class=\"has-medium-font-size\"><a href=\"https:\/\/www.spaghettihacker.it\/?p=150\"><strong>Ma no: gli spaghetti hacker non sono ne&#8217; sadici, ne&#8217; sovversivi<\/strong> <\/a>&#8211; C. Formenti, Il Corriere della sera, 16 febbraio 1998<\/p>\n\n\n\n<p class=\"has-medium-font-size\"><strong><a href=\"https:\/\/www.spaghettihacker.it\/?p=153\">Quell&#8217; hacker e&#8217; bravo? Allora va assunto<\/a><\/strong> &#8211; S. Montefiori, Il Corriere della sera, 21 settembre 1998<\/p>\n\n\n\n<div class=\"wp-block-group is-layout-flow wp-block-group-is-layout-flow\">\n<p class=\"has-medium-font-size\"><strong><a href=\"https:\/\/www.spaghettihacker.it\/?p=160\">Hacker-scrocconi con un &#8220;167&#8221; del Viminale<\/a><\/strong> &#8211; A. Usai, Repubblica, 4 novembre 1998<\/p>\n<\/div>\n\n\n\n<p class=\"has-medium-font-size\"><strong><a href=\"https:\/\/www.spaghettihacker.it\/?p=165\">Per Aspera ad Veritatem<\/a> n. 13 <\/strong>&#8211; gennaio-aprile 1999<\/p>\n\n\n\n<p class=\"has-medium-font-size\"><a href=\"https:\/\/www.spaghettihacker.it\/?p=170\"><strong>Contro le intercettazioni l&#8217;arma della crittografia<\/strong><\/a> &#8211; A. Usai, Repubblica, 20 marzo 1999<\/p>\n\n\n\n<p class=\"has-medium-font-size\"><strong><a href=\"https:\/\/www.spaghettihacker.it\/?p=173\">Altro che pirati!<\/a> <\/strong>&#8211; G. Spataro &#8211; Jekyll, aprile 1999<\/p>\n\n\n\n<p class=\"has-medium-font-size\"><strong><a href=\"https:\/\/www.spaghettihacker.it\/?p=176\">Spaghetti Hacker meeting dei ribelli<\/a><\/strong> &#8211; D. Onelli, Repubblica 16 giugno 2000<\/p>\n\n\n\n<p class=\"has-medium-font-size\"><strong><a href=\"https:\/\/www.spaghettihacker.it\/?p=180\">Hacker, raduno nel forte romano<\/a><\/strong> &#8211; D. Onelli, Repubblica, 17 giugno 2000<\/p>\n\n\n\n<p class=\"has-medium-font-size\"><a href=\"https:\/\/www.spaghettihacker.it\/?p=183\"><strong>Pedofilia, il Polo propone una legge contro i siti web<\/strong><\/a> &#8211; G. Mola, Repubblica, 6 ottobre 2000<\/p>\n\n\n\n<div class=\"wp-block-group is-layout-flow wp-block-group-is-layout-flow\">\n<div class=\"wp-block-group is-layout-flow wp-block-group-is-layout-flow\">\n<p><strong><a href=\"https:\/\/www.spaghettihacker.it\/?p=186\">&#8220;Spionaggio industriale? Ipotesi improbabile&#8221;<\/a><\/strong> &#8211; G. Mola, Repubblica, 27 ottobre 2000<\/p>\n\n\n\n<p><strong><a href=\"https:\/\/www.spaghettihacker.it\/?p=188\">Hacker usati come parafulmine<\/a> <\/strong>&#8211; L. Laposta, Il Sole24Ore, 14 febbraio 2003<\/p>\n<\/div>\n\n\n\n<div class=\"wp-block-group is-layout-flow wp-block-group-is-layout-flow\"><\/div>\n\n\n\n<div class=\"wp-block-group is-layout-flow wp-block-group-is-layout-flow\"><\/div>\n<\/div>\n\n\n\n<p><strong><a href=\"https:\/\/www.spaghettihacker.it\/?p=203\">Il nuovo Spaghetti Hacker: le origini di hacking e diritto<\/a><\/strong> &#8211; G. Ziccardi, Leggi Oggi, 1 gennaio 2012<\/p>\n\n\n\n<p><strong><a href=\"https:\/\/www.spaghettihacker.it\/?p=210\">Che fine hanno fatto gli Spaghetti Hacker?<\/a><\/strong> &#8211; A. Monti, <strong><a href=\"https:\/\/www.key4biz.it\/digitanomalie-fine-gli-spaghetti-hacker\/204199\/\">Key4Biz<\/a><\/strong>, 7 novembre 2017<\/p>\n\n\n\n<p class=\"has-x-large-font-size\"><strong>Commenti dei lettori<\/strong><\/p>\n\n\n\n<div class=\"wp-block-group is-layout-flow wp-block-group-is-layout-flow\">\n<p><a href=\"https:\/\/apprenticecoder.wordpress.com\/2011\/01\/25\/spaghetti-hacker-book-part-1\/\"><strong>An easy game is a contradiction in terms<\/strong> <\/a>&#8211; Apprenticecoder&#8217;s Blog, 25 gennaio 2011<\/p>\n<\/div>\n\n\n\n<div class=\"wp-block-group is-layout-flow wp-block-group-is-layout-flow\"><\/div>\n\n\n\n<div class=\"wp-block-group is-layout-flow wp-block-group-is-layout-flow\"><\/div>\n\n\n\n<div class=\"wp-block-group is-layout-flow wp-block-group-is-layout-flow\"><\/div>\n\n\n\n<p><strong><a href=\"https:\/\/www.goodreads.com\/book\/show\/26011512-spaghetti-hacker\">Recension<\/a>i su Goodreads<\/strong><\/p>\n\n\n\n<p><strong><a href=\"https:\/\/www.amazon.it\/dp\/8889479140#customerReviews\">Recensioni<\/a><\/strong> su Amazon.it<\/p>\n\n\n\n<p><strong><a href=\"https:\/\/it.wikipedia.org\/wiki\/Spaghetti_hacker\">La pagina di Wikipedia su Spaghetti Hacker<\/a><\/strong><\/p>\n","protected":false},"excerpt":{"rendered":"<p>Questa pagina raccoglie gli articoli che hanno parlato del libro o dei suoi autori e i commenti &#8211; anche quelli pi\u00f9 critici &#8211; dei lettori. I pezzi non sono stati sollecitati, ma sono il frutto della genuina curiosit\u00e0 che Spaghetti Hacker ha suscitato nel mondo dell&#8217;informazione. I commenti sono la manifestazione pi\u00f9 spontanea dei sentimenti [&hellip;]<\/p>\n","protected":false},"author":1,"featured_media":0,"parent":0,"menu_order":4,"comment_status":"closed","ping_status":"closed","template":"","meta":{"footnotes":""},"class_list":["post-32","page","type-page","status-publish","hentry"],"_links":{"self":[{"href":"https:\/\/www.spaghettihacker.it\/index.php?rest_route=\/wp\/v2\/pages\/32","targetHints":{"allow":["GET"]}}],"collection":[{"href":"https:\/\/www.spaghettihacker.it\/index.php?rest_route=\/wp\/v2\/pages"}],"about":[{"href":"https:\/\/www.spaghettihacker.it\/index.php?rest_route=\/wp\/v2\/types\/page"}],"author":[{"embeddable":true,"href":"https:\/\/www.spaghettihacker.it\/index.php?rest_route=\/wp\/v2\/users\/1"}],"replies":[{"embeddable":true,"href":"https:\/\/www.spaghettihacker.it\/index.php?rest_route=%2Fwp%2Fv2%2Fcomments&post=32"}],"version-history":[{"count":38,"href":"https:\/\/www.spaghettihacker.it\/index.php?rest_route=\/wp\/v2\/pages\/32\/revisions"}],"predecessor-version":[{"id":235,"href":"https:\/\/www.spaghettihacker.it\/index.php?rest_route=\/wp\/v2\/pages\/32\/revisions\/235"}],"wp:attachment":[{"href":"https:\/\/www.spaghettihacker.it\/index.php?rest_route=%2Fwp%2Fv2%2Fmedia&parent=32"}],"curies":[{"name":"wp","href":"https:\/\/api.w.org\/{rel}","templated":true}]}}